{"id":1,"date":"2019-09-10T12:09:19","date_gmt":"2019-09-10T12:09:19","guid":{"rendered":"http:\/\/localhost\/drewicke\/?p=1"},"modified":"2022-08-04T09:51:35","modified_gmt":"2022-08-04T09:51:35","slug":"home","status":"publish","type":"page","link":"http:\/\/am-schuetzenplatz.de\/","title":{"rendered":"Home"},"content":{"rendered":"<div>\n<h2>Gastlichkeit mit Herzlichkeit!<\/h2>\n<div>\n<p>Auch in der Spargelstadt Beelitz finden Sie gut b\u00fcrgerliche deutsche K\u00fcche. Unsere Speisekarte besteht aus einem Sortiment von Beelitzer Spezialit\u00e4ten sowie vielen weiteren nationalen Gerichten. Unser Gasthaus in Beelitz l\u00e4dt zum gem\u00fctlichen Verweilen ein und \u00fcberrascht mit einem traditionellen sowie angenehmen Ambiente. Wir laden Sie herzlich ein, die regionale sowie deutsche K\u00fcche zu entdecken und lieben zu lernen.<\/p>\n<\/div>\n<\/div>\n<h3>\u00d6ffnungszeiten<\/h3>\n<ul>\n<li>\n<h3>Montag bis Freitag <\/h3>\n<p>7.30 bis 15.30 Uhr<\/p>\n<\/li>\n<li>\n<h3>Feiern und Catering<\/h3>\n<p> auf Anfrage<\/p>\n<\/li>\n<\/ul>\n<h3>Kontakt<\/h3>\n<ul>\n<li>\n<h3>Stadt<\/h3>\n<p>14547 Beelitz<\/p>\n<\/li>\n<li>\n<h3>Stra\u00dfe<\/h3>\n<p>Clara-Zetkin-Stra\u00dfe  36<\/p>\n<\/li>\n<li>\n<h3>Telefon<\/h3>\n<p>033204 35859<\/p>\n<\/li>\n<li>\n<h3>Mail<\/h3>\n<p>anett.drewicke@yahoo.de<\/p>\n<\/li>\n<\/ul>\n<p><!--more--><br \/>\n<!-- {\"name\":\"Home\",\"type\":\"layout\",\"children\":[{\"name\":\"Hero\",\"type\":\"section\",\"props\":{\"style\":\"default\",\"width\":\"large\",\"vertical_align\":\"middle\",\"title_position\":\"top-left\",\"title_rotation\":\"left\",\"title_breakpoint\":\"xl\",\"image_position\":\"center-center\",\"height\":\"full\",\"padding\":\"small\",\"image\":\"wp-content\\\/uploads\\\/yootheme\\\/IMG_0579.jpg\",\"text_color\":\"light\",\"image_size\":\"cover\",\"image_width\":\"2560\"},\"children\":[{\"name\":\"\",\"type\":\"row\",\"children\":[{\"name\":\"\",\"type\":\"column\",\"props\":{\"image_position\":\"center-center\",\"width_medium\":\"1-1\",\"media_overlay_gradient\":\"\",\"position_sticky_breakpoint\":\"m\"},\"children\":[]}]}]},{\"name\":\"\\u00d6ffnungszeiten\",\"type\":\"section\",\"props\":{\"style\":\"default\",\"width\":\"\",\"vertical_align\":\"middle\",\"title_position\":\"top-left\",\"title_rotation\":\"left\",\"title_breakpoint\":\"xl\",\"image_position\":\"center-center\",\"padding\":\"large\",\"padding_remove_bottom\":true,\"overlap\":false,\"class\":\"uk-overflow-hidden\"},\"children\":[{\"name\":\"\",\"type\":\"row\",\"props\":{\"layout\":\"2-3,1-3\",\"width\":\"large\",\"margin\":\"xlarge\",\"margin_remove_top\":false,\"divider\":true,\"vertical_align\":true,\"column_gap\":\"large\",\"row_gap\":\"large\"},\"children\":[{\"name\":\"\",\"type\":\"column\",\"props\":{\"image_position\":\"center-center\",\"width_medium\":\"2-3\",\"vertical_align\":\"middle\",\"media_overlay_gradient\":\"\",\"position_sticky_breakpoint\":\"m\"},\"children\":[{\"name\":\"\",\"type\":\"panel\",\"props\":{\"link_text\":\"Read more\",\"title_element\":\"h2\",\"meta_style\":\"h6\",\"meta_align\":\"above-title\",\"icon_ratio\":4,\"image_align\":\"top\",\"image_grid_width\":\"1-2\",\"link_style\":\"default\",\"margin\":\"default\",\"maxwidth\":\"2xlarge\",\"meta\":\"\",\"title\":\"Gastlichkeit mit Herzlichkeit!\",\"content\":\"\n\n<p>Auch in der Spargelstadt Beelitz finden Sie gut b\\u00fcrgerliche deutsche K\\u00fcche. Unsere Speisekarte besteht aus einem Sortiment von Beelitzer Spezialit\\u00e4ten sowie vielen weiteren nationalen Gerichten. Unser Gasthaus in Beelitz l\\u00e4dt zum gem\\u00fctlichen Verweilen ein und \\u00fcberrascht mit einem traditionellen sowie angenehmen Ambiente. Wir laden Sie herzlich ein, die regionale sowie deutsche K\\u00fcche zu entdecken und lieben zu lernen.<\\\/p>\",\"image_grid_breakpoint\":\"m\",\"title_hover_style\":\"reset\",\"title_align\":\"top\",\"title_grid_width\":\"1-2\",\"title_grid_breakpoint\":\"m\",\"content_column_breakpoint\":\"m\",\"image_svg_color\":\"emphasis\",\"meta_element\":\"div\",\"icon_width\":80}}]},{\"name\":\"\",\"type\":\"column\",\"props\":{\"image_position\":\"center-center\",\"width_medium\":\"1-3\",\"vertical_align\":\"middle\",\"media_overlay_gradient\":\"\",\"position_sticky_breakpoint\":\"m\"},\"children\":[{\"name\":\"\",\"type\":\"headline\",\"props\":{\"title_element\":\"h3\",\"title_style\":\"h4\",\"content\":\"\\u00d6ffnungszeiten\"}},{\"name\":\"\",\"type\":\"description_list\",\"props\":{\"show_title\":true,\"show_meta\":true,\"show_content\":true,\"show_link\":true,\"layout\":\"grid-2-m\",\"meta_style\":\"\",\"meta_align\":\"below-content\",\"list_size\":\"\",\"title_grid_column_gap\":\"small\",\"title_grid_row_gap\":\"small\",\"title_grid_breakpoint\":\"\",\"title_grid_width\":\"expand\",\"title_leader\":true,\"list_element\":\"ul\",\"column_breakpoint\":\"m\",\"title_element\":\"div\"},\"children\":[{\"name\":\"\",\"type\":\"description_list_item\",\"props\":{\"title\":\"Montag bis Freitag \",\"meta\":\"7.30 bis 15.30 Uhr\",\"content\":\"\"}},{\"name\":\"\",\"type\":\"description_list_item\",\"props\":{\"title\":\"Feiern und Catering\",\"meta\":\" auf Anfrage\",\"content\":\"\"}}]},{\"name\":\"\",\"type\":\"headline\",\"props\":{\"title_element\":\"h3\",\"title_style\":\"h4\",\"content\":\"Kontakt\"}},{\"name\":\"\",\"type\":\"description_list\",\"props\":{\"show_title\":true,\"show_meta\":true,\"show_content\":true,\"show_link\":true,\"layout\":\"grid-2-m\",\"meta_style\":\"\",\"meta_align\":\"below-content\",\"list_size\":\"\",\"title_grid_column_gap\":\"small\",\"title_grid_row_gap\":\"small\",\"title_grid_breakpoint\":\"\",\"title_grid_width\":\"expand\",\"title_leader\":true,\"list_element\":\"ul\",\"column_breakpoint\":\"m\",\"title_element\":\"div\"},\"children\":[{\"type\":\"description_list_item\",\"props\":{\"title\":\"Stadt\",\"meta\":\"14547 Beelitz\"}},{\"name\":\"\",\"type\":\"description_list_item\",\"props\":{\"title\":\"Stra\\u00dfe\",\"meta\":\"Clara-Zetkin-Stra\\u00dfe  36\",\"content\":\"\"}},{\"name\":\"\",\"type\":\"description_list_item\",\"props\":{\"title\":\"Telefon\",\"meta\":\"033204 35859\",\"content\":\"\"}},{\"type\":\"description_list_item\",\"props\":{\"title\":\"Mail\",\"meta\":\"anett.drewicke@yahoo.de\"}}]}]}]}]},{\"name\":\"Gallery\",\"type\":\"section\",\"props\":{\"style\":\"default\",\"width\":\"\",\"vertical_align\":\"middle\",\"title_position\":\"top-left\",\"title_rotation\":\"left\",\"title_breakpoint\":\"xl\",\"image_position\":\"center-center\",\"padding_remove_top\":true,\"height\":\"full\"},\"children\":[{\"type\":\"row\",\"children\":[{\"type\":\"column\",\"props\":{\"position_sticky_breakpoint\":\"m\",\"image_position\":\"center-center\",\"media_overlay_gradient\":\"\"},\"children\":[]}]},{\"name\":\"\",\"type\":\"row\",\"props\":{\"layout\":\"1-2,1-4,1-4|1-1,1-2,1-2\",\"margin\":\"xlarge\",\"column_gap\":\"small\",\"row_gap\":\"small\"},\"children\":[{\"name\":\"\",\"type\":\"column\",\"props\":{\"image_position\":\"center-center\",\"image\":\"wp-content\\\/uploads\\\/yootheme\\\/IMG_0549.jpg\",\"image_size\":\"cover\",\"css\":\".el-column {\\n\\tmin-height: 550px;\\n}\\n\\n@media (min-width: 1200px) {\\n    .el-column { min-height: 650px; }\\n}\\n\\n@media (min-width: 1921px) {\\n    .el-column { min-height: 750px; }\\n}\",\"width_large\":\"1-2\",\"width_medium\":\"1-1\",\"media_overlay_gradient\":\"\",\"position_sticky_breakpoint\":\"m\"}},{\"name\":\"\",\"type\":\"column\",\"props\":{\"image_position\":\"center-center\",\"image\":\"wp-content\\\/uploads\\\/yootheme\\\/home-gallery-02.jpg\",\"image_size\":\"cover\",\"css\":\".el-column {\\n\\tmin-height: 300px;\\n}\",\"width_large\":\"1-4\",\"width_medium\":\"1-2\",\"media_overlay_gradient\":\"\",\"position_sticky_breakpoint\":\"m\"}},{\"name\":\"\",\"type\":\"column\",\"props\":{\"image_position\":\"center-center\",\"image\":\"wp-content\\\/uploads\\\/yootheme\\\/IMG_0562.jpg\",\"image_size\":\"cover\",\"css\":\".el-column {\\n\\tmin-height: 300px;\\n}\",\"width_large\":\"1-4\",\"width_medium\":\"1-2\",\"media_overlay_gradient\":\"\",\"position_sticky_breakpoint\":\"m\"}}]}]}],\"version\":\"2.7.22\"} --><\/p>\n","protected":false},"excerpt":{"rendered":"<p>Gastlichkeit mit Herzlichkeit! Auch in der Spargelstadt Beelitz finden Sie gut b\u00fcrgerliche deutsche K\u00fcche. Unsere Speisekarte besteht aus einem Sortiment von Beelitzer Spezialit\u00e4ten sowie vielen weiteren nationalen Gerichten. Unser Gasthaus in Beelitz l\u00e4dt zum gem\u00fctlichen Verweilen ein und \u00fcberrascht mit einem traditionellen sowie angenehmen Ambiente. Wir laden Sie herzlich ein, die regionale sowie deutsche K\u00fcche [&hellip;]<\/p>\n","protected":false},"author":1,"featured_media":0,"parent":0,"menu_order":4,"comment_status":"open","ping_status":"open","template":"","meta":[],"acf":[],"_links":{"self":[{"href":"http:\/\/am-schuetzenplatz.de\/index.php?rest_route=\/wp\/v2\/pages\/1"}],"collection":[{"href":"http:\/\/am-schuetzenplatz.de\/index.php?rest_route=\/wp\/v2\/pages"}],"about":[{"href":"http:\/\/am-schuetzenplatz.de\/index.php?rest_route=\/wp\/v2\/types\/page"}],"author":[{"embeddable":true,"href":"http:\/\/am-schuetzenplatz.de\/index.php?rest_route=\/wp\/v2\/users\/1"}],"replies":[{"embeddable":true,"href":"http:\/\/am-schuetzenplatz.de\/index.php?rest_route=%2Fwp%2Fv2%2Fcomments&post=1"}],"version-history":[{"count":15,"href":"http:\/\/am-schuetzenplatz.de\/index.php?rest_route=\/wp\/v2\/pages\/1\/revisions"}],"predecessor-version":[{"id":1142,"href":"http:\/\/am-schuetzenplatz.de\/index.php?rest_route=\/wp\/v2\/pages\/1\/revisions\/1142"}],"wp:attachment":[{"href":"http:\/\/am-schuetzenplatz.de\/index.php?rest_route=%2Fwp%2Fv2%2Fmedia&parent=1"}],"curies":[{"name":"wp","href":"https:\/\/api.w.org\/{rel}","templated":true}]}}